{"id":5605,"date":"2025-12-07T23:51:07","date_gmt":"2025-12-07T23:51:07","guid":{"rendered":"https:\/\/fourbambalaj.com\/?page_id=5605"},"modified":"2025-12-08T00:20:43","modified_gmt":"2025-12-08T00:20:43","slug":"icten-cekmeli-havlu","status":"publish","type":"page","link":"https:\/\/fourbambalaj.com\/index.php\/icten-cekmeli-havlu\/","title":{"rendered":"\u0130\u00e7ten \u00c7ekmeli Havlu"},"content":{"rendered":"<div class=\"wpb-content-wrapper\"><p>[vc_row][vc_column][tm_heading tag=&#8221;h1&#8243; custom_google_font=&#8221;&#8221; align=&#8221;center&#8221; text=&#8221;\u0130\u00e7ten \u00c7ekmeli Havlu&#8221;][tm_spacer size=&#8221;lg:100&#8243;][tm_portfolio style=&#8221;grid-caption-video-popup&#8221; image_size=&#8221;480&#215;480&#8243; el_class=&#8221;custom-grid-scale&#8221; columns=&#8221;xs:1;sm:2;lg:4&#8243; taxonomies=&#8221;portfolio_category:icten-cekmeli&#8221;][\/vc_column][\/vc_row]<\/p>\n<\/div>","protected":false},"excerpt":{"rendered":"<p>[vc_row][vc_column][tm_heading tag=&#8221;h1&#8243; custom_google_font=&#8221;&#8221; align=&#8221;center&#8221; text=&#8221;\u0130\u00e7ten \u00c7ekmeli Havlu&#8221;][tm_spacer size=&#8221;lg:100&#8243;][tm_portfolio style=&#8221;grid-caption-video-popup&#8221; image_size=&#8221;480&#215;480&#8243; el_class=&#8221;custom-grid-scale&#8221; columns=&#8221;xs:1;sm:2;lg:4&#8243; taxonomies=&#8221;portfolio_category:icten-cekmeli&#8221;][\/vc_column][\/vc_row]<\/p>\n","protected":false},"author":1,"featured_media":0,"parent":0,"menu_order":0,"comment_status":"closed","ping_status":"closed","template":"","meta":{"footnotes":""},"class_list":["post-5605","page","type-page","status-publish","hentry","post-no-thumbnail"],"_links":{"self":[{"href":"https:\/\/fourbambalaj.com\/index.php\/wp-json\/wp\/v2\/pages\/5605","targetHints":{"allow":["GET"]}}],"collection":[{"href":"https:\/\/fourbambalaj.com\/index.php\/wp-json\/wp\/v2\/pages"}],"about":[{"href":"https:\/\/fourbambalaj.com\/index.php\/wp-json\/wp\/v2\/types\/page"}],"author":[{"embeddable":true,"href":"https:\/\/fourbambalaj.com\/index.php\/wp-json\/wp\/v2\/users\/1"}],"replies":[{"embeddable":true,"href":"https:\/\/fourbambalaj.com\/index.php\/wp-json\/wp\/v2\/comments?post=5605"}],"version-history":[{"count":1,"href":"https:\/\/fourbambalaj.com\/index.php\/wp-json\/wp\/v2\/pages\/5605\/revisions"}],"predecessor-version":[{"id":5606,"href":"https:\/\/fourbambalaj.com\/index.php\/wp-json\/wp\/v2\/pages\/5605\/revisions\/5606"}],"wp:attachment":[{"href":"https:\/\/fourbambalaj.com\/index.php\/wp-json\/wp\/v2\/media?parent=5605"}],"curies":[{"name":"wp","href":"https:\/\/api.w.org\/{rel}","templated":true}]}}