{"id":3957,"date":"2018-10-29T08:11:07","date_gmt":"2018-10-29T08:11:07","guid":{"rendered":"https:\/\/fourbambalaj.com\/index.php\/homepages\/authentic-studio\/"},"modified":"2025-12-11T21:09:19","modified_gmt":"2025-12-11T21:09:19","slug":"authentic-studio","status":"publish","type":"page","link":"https:\/\/fourbambalaj.com\/","title":{"rendered":"Authentic Studio"},"content":{"rendered":"<div class=\"wpb-content-wrapper\"><p>[vc_row full_width=&#8221;stretch_row&#8221; content_placement=&#8221;middle&#8221; lg_spacing=&#8221;padding_top:142;padding_bottom:156&#8243; el_id=&#8221;section-about&#8221;][vc_column width=&#8221;1\/2&#8243;][tm_heading style=&#8221;modern-04&#8243; tag=&#8221;h6&#8243; custom_google_font=&#8221;&#8221; text=&#8221;Hakk\u0131m\u0131zda&#8221;][tm_spacer size=&#8221;lg:35&#8243;][tm_heading tag=&#8221;div&#8221; custom_google_font=&#8221;1&#8243; google_fonts=&#8221;font_family:Roboto%3A100%2C100italic%2C300%2C300italic%2Cregular%2Citalic%2C500%2C500italic%2C700%2C700italic%2C900%2C900italic|font_style:900%20bold%20regular%3A900%3Anormal&#8221; text_color=&#8221;custom&#8221; custom_text_color=&#8221;#222222&#8243; text=&#8221;FOURB: Yumu\u015fak dokunu\u015f, g\u00fc\u00e7l\u00fc kalite.&#8221; font_size=&#8221;sm:24;md:30;lg:36&#8243; line_height=&#8221;1.5&#8243;][tm_spacer size=&#8221;lg:43&#8243;][tm_heading tag=&#8221;div&#8221; custom_google_font=&#8221;1&#8243; google_fonts=&#8221;font_family:Roboto%3A100%2C100italic%2C300%2C300italic%2Cregular%2Citalic%2C500%2C500italic%2C700%2C700italic%2C900%2C900italic|font_style:900%20bold%20regular%3A900%3Anormal&#8221; text_color=&#8221;custom&#8221; custom_text_color=&#8221;#b3b3b3&#8243; text=&#8221;Firmam\u0131z, pe\u00e7ete ve k\u00e2\u011f\u0131t \u00fcr\u00fcnleri sekt\u00f6r\u00fcnde kalite, hijyen ve s\u00fcrd\u00fcr\u00fclebilirlik esaslar\u0131na ba\u011fl\u0131 kalarak faaliyet g\u00f6stermektedir. M\u00fc\u015fterilerimize g\u00fcvenilir, standartlara uygun ve y\u00fcksek performans sunan k\u00e2\u011f\u0131t \u00fcr\u00fcnleri sa\u011flamak amac\u0131yla \u00e7\u0131kt\u0131\u011f\u0131m\u0131z bu yolda, sekt\u00f6rel geli\u015fmeleri yak\u0131ndan takip eden dinamik bir yap\u0131ya sahibiz.<\/p>\n<p>Geni\u015f \u00fcr\u00fcn yelpazemiz ve profesyonel hizmet anlay\u0131\u015f\u0131m\u0131zla hem bireysel hem de kurumsal m\u00fc\u015fterilerin ihtiya\u00e7lar\u0131na etkin \u00e7\u00f6z\u00fcmler sunmay\u0131 hedefliyoruz. Tedarik s\u00fcre\u00e7lerinden teslimata kadar t\u00fcm operasyonlar\u0131m\u0131zda \u015feffafl\u0131k, kalite kontrol ve m\u00fc\u015fteri memnuniyeti temel prensiplerimizdir.<\/p>\n<p>Misyonumuz; yenilik\u00e7i yakla\u015f\u0131mlar ve g\u00fc\u00e7l\u00fc i\u015f ortakl\u0131klar\u0131 ile sekt\u00f6rde g\u00fcvenilir bir marka olmakt\u0131r. Vizyonumuz ise, s\u00fcrd\u00fcr\u00fclebilir \u00fcr\u00fcn ve \u00fcst\u00fcn hizmet kalitesiyle \u00fclkemizde ve uluslararas\u0131 pazarda tercih edilen lider bir kurulu\u015f haline gelmektir.&#8221; font_size=&#8221;lg:20&#8243; line_height=&#8221;1.6&#8243;][tm_spacer size=&#8221;lg:64&#8243;][\/vc_column][vc_column width=&#8221;1\/2&#8243; lg_spacing=&#8221;padding_left:70&#8243; md_spacing=&#8221;padding_left:15&#8243;][tm_image image=&#8221;5380&#8243; lg_spacing=&#8221;margin_right:-90&#8243;][\/vc_column][\/vc_row][vc_row full_width=&#8221;stretch_row&#8221;][vc_column][tm_spacer size=&#8221;lg:120&#8243;][tm_heading style=&#8221;modern-04&#8243; tag=&#8221;h2&#8243; custom_google_font=&#8221;&#8221; align=&#8221;center&#8221; text=&#8221;\u00dcr\u00fcnlerimiz&#8221;][tm_spacer size=&#8221;lg:25&#8243;][tm_heading tag=&#8221;div&#8221; custom_google_font=&#8221;1&#8243; google_fonts=&#8221;font_family:Roboto%3A100%2C100italic%2C300%2C300italic%2Cregular%2Citalic%2C500%2C500italic%2C700%2C700italic%2C900%2C900italic|font_style:900%20bold%20regular%3A900%3Anormal&#8221; align=&#8221;center&#8221; text_color=&#8221;custom&#8221; custom_text_color=&#8221;#222222&#8243; animation=&#8221;pop-up&#8221; text=&#8221;\u015e\u0131k, hijyenik ve g\u00fcvenilir k\u00e2\u011f\u0131t \u00fcr\u00fcnleri.&#8221; font_size=&#8221;sm:36;md:42;lg:48&#8243; line_height=&#8221;1.32&#8243;][tm_spacer size=&#8221;lg:77&#8243;][vc_row_inner][vc_column_inner width=&#8221;1\/4&#8243;][tm_box_icon align=&#8221;center&#8221; image=&#8221;5710&#8243; heading=&#8221;Pe\u00e7ete Grubu&#8221; box_link=&#8221;url:https%3A%2F%2Ffourbambalaj.com%2Findex.php%2Fpecete-grubu%2F|title:Pe%C3%A7ete%20Grubu&#8221;][\/vc_column_inner][vc_column_inner width=&#8221;1\/4&#8243;][tm_box_icon align=&#8221;center&#8221; image=&#8221;5656&#8243; heading=&#8221;Havlu Grubu&#8221; box_link=&#8221;url:https%3A%2F%2Ffourbambalaj.com%2Findex.php%2Fhavlu-grubu%2F|title:Havlu%20Grubu&#8221;][\/vc_column_inner][vc_column_inner width=&#8221;1\/4&#8243;][tm_box_icon align=&#8221;center&#8221; image=&#8221;5708&#8243; heading=&#8221;Karton Grubu&#8221;][\/vc_column_inner][vc_column_inner width=&#8221;1\/4&#8243;][tm_box_icon align=&#8221;center&#8221; image=&#8221;5684&#8243; heading=&#8221;Ekonomik \u00dcr\u00fcnler&#8221; link=&#8221;url:https%3A%2F%2Ffourbambalaj.com%2Findex.php%2Fekonomik-urunler%2F|title:Ekonomik%20%C3%9Cr%C3%BCnler&#8221; box_link=&#8221;url:https%3A%2F%2Ffourbambalaj.com%2Findex.php%2Fekonomik-urunler%2F|title:Ekonomik%20%C3%9Cr%C3%BCnler&#8221;][\/vc_column_inner][\/vc_row_inner][\/vc_column][\/vc_row][vc_row full_width=&#8221;stretch_row_content&#8221; lg_spacing=&#8221;padding_right:100;padding_left:100&#8243;][vc_column background_color=&#8221;custom&#8221; custom_background_color=&#8221;#f7f7f7&#8243;][tm_spacer size=&#8221;lg:112&#8243;][tm_heading style=&#8221;modern-04&#8243; custom_google_font=&#8221;&#8221; align=&#8221;center&#8221; el_class=&#8221;secondary-font&#8221; text=&#8221;Neden Bizi Tercih Ediyorlar?&#8221;][tm_spacer size=&#8221;lg:25&#8243;][tm_heading tag=&#8221;div&#8221; custom_google_font=&#8221;1&#8243; google_fonts=&#8221;font_family:Roboto%3A100%2C100italic%2C300%2C300italic%2Cregular%2Citalic%2C500%2C500italic%2C700%2C700italic%2C900%2C900italic|font_style:900%20bold%20regular%3A900%3Anormal&#8221; align=&#8221;center&#8221; text_color=&#8221;custom&#8221; custom_text_color=&#8221;#222222&#8243; text=&#8221;M\u00fc\u015fterilerimizin G\u00fcvendi\u011fi \u00c7\u00f6z\u00fcm Orta\u011f\u0131y\u0131z&#8221; font_size=&#8221;sm:36;md:42;lg:48&#8243; line_height=&#8221;1.32&#8243;][tm_spacer size=&#8221;lg:82&#8243;][tm_grid align=&#8221;center&#8221; centered_items=&#8221;1&#8243; columns=&#8221;xs:1;sm:1;lg:3&#8243; column_gutter=&#8221;lg:30&#8243; row_gutter=&#8221;lg:50&#8243; item_max_width=&#8221;sm:370&#8243; max_width=&#8221;lg:1170&#8243; custom_css=&#8221;LnRleHQlN0IlMEElMjAlMjBmb250LWZhbWlseSUzQSUyMHJvYm90byUyMCUyMWltcG9ydGFudCUzQiUwQSU3RCUzQiUwQS5oZWFkZXIlMjAlN0IlMEElMjAlMjBmb250LWZhbWlseSUzQSUyMHJvYm90byUyMCUyMWltcG9ydGFudCUzQiUwQSU3RCUwQQ==&#8221;][tm_box_icon style=&#8221;03&#8243; align=&#8221;center&#8221; icon_type=&#8221;ion&#8221; icon_ion=&#8221;ion-ios-eye-outline&#8221; heading=&#8221;Geni\u015f \u00dcr\u00fcn Yelpazesi&#8221; text=&#8221;Her ihtiyaca uygun k\u00e2\u011f\u0131t ve pe\u00e7ete \u00e7e\u015fitleri<br \/>\nRestoran, kafe, otel ve i\u015fletmeler i\u00e7in farkl\u0131 \u00f6l\u00e7\u00fc, kalite ve \u00f6zelliklerde k\u00e2\u011f\u0131t \u00fcr\u00fcnleri sunuyoruz.<br \/>\nTedarik\u00e7i olarak geni\u015f stok avantaj\u0131m\u0131z ile arad\u0131\u011f\u0131n\u0131z \u00fcr\u00fcn\u00fc h\u0131zl\u0131ca temin ediyoruz.&#8221; button=&#8221;|||&#8221; box_link=&#8221;url:%23|title:View%20more||&#8221; text_width=&#8221;300px&#8221;][tm_box_icon style=&#8221;03&#8243; align=&#8221;center&#8221; icon_type=&#8221;ion&#8221; icon_ion=&#8221;ion-ios-bookmarks-outline&#8221; heading=&#8221;Uygun Fiyat ve H\u0131zl\u0131 Tedarik&#8221; text=&#8221;Rekabet\u00e7i fiyatlar &amp; g\u00fcvenilir lojistik<br \/>\n\u0130thalat\u00e7\u0131 ve toptanc\u0131 yap\u0131m\u0131z sayesinde uygun fiyatl\u0131 \u00e7\u00f6z\u00fcmler sunuyor, sipari\u015flerinizi h\u0131zl\u0131 bir \u015fekilde haz\u0131rlay\u0131p g\u00f6nderiyoruz.<br \/>\nM\u00fc\u015fterilerimiz i\u00e7in maliyet avantaj\u0131 yaratmak en \u00f6nemli \u00f6nceli\u011fimizdir.&#8221; button=&#8221;|||&#8221; box_link=&#8221;url:%23|title:View%20more||&#8221; text_width=&#8221;300px&#8221;][tm_box_icon style=&#8221;03&#8243; align=&#8221;center&#8221; icon_type=&#8221;ion&#8221; icon_ion=&#8221;ion-ios-browsers-outline&#8221; heading=&#8221;Kaliteli \u00dcr\u00fcn Garantisi&#8221; text=&#8221;Se\u00e7ilen markalarda kalite kontrol ve g\u00fcvenilirlik<br \/>\n\u00c7al\u0131\u015ft\u0131\u011f\u0131m\u0131z markalar\u0131 \u00f6zenle se\u00e7iyor, k\u00e2\u011f\u0131t \u00fcr\u00fcnlerinin kalite standartlar\u0131na uygun olmas\u0131na dikkat ediyoruz.<br \/>\nHijyenik, dayan\u0131kl\u0131 ve m\u00fc\u015fteri memnuniyeti odakl\u0131 \u00fcr\u00fcnler sunarak i\u015fletmenizin ihtiya\u00e7lar\u0131n\u0131 eksiksiz kar\u015f\u0131l\u0131yoruz.&#8221; button=&#8221;|||&#8221; box_link=&#8221;url:%23|title:View%20more||&#8221; text_width=&#8221;300px&#8221;][\/tm_grid][tm_spacer size=&#8221;sm:110;lg:158&#8243;][\/vc_column][\/vc_row][vc_row][vc_column][\/vc_column][\/vc_row]<\/p>\n<\/div>","protected":false},"excerpt":{"rendered":"<p>[vc_row full_width=&#8221;stretch_row&#8221; content_placement=&#8221;middle&#8221; lg_spacing=&#8221;padding_top:142;padding_bottom:156&#8243; el_id=&#8221;section-about&#8221;][vc_column width=&#8221;1\/2&#8243;][tm_heading style=&#8221;modern-04&#8243; tag=&#8221;h6&#8243; custom_google_font=&#8221;&#8221; text=&#8221;Hakk\u0131m\u0131zda&#8221;][tm_spacer size=&#8221;lg:35&#8243;][tm_heading tag=&#8221;div&#8221; custom_google_font=&#8221;1&#8243; google_fonts=&#8221;font_family:Roboto%3A100%2C100italic%2C300%2C300italic%2Cregular%2Citalic%2C500%2C500italic%2C700%2C700italic%2C900%2C900italic|font_style:900%20bold%20regular%3A900%3Anormal&#8221; text_color=&#8221;custom&#8221; custom_text_color=&#8221;#222222&#8243; text=&#8221;FOURB: Yumu\u015fak dokunu\u015f, g\u00fc\u00e7l\u00fc kalite.&#8221; font_size=&#8221;sm:24;md:30;lg:36&#8243; line_height=&#8221;1.5&#8243;][tm_spacer size=&#8221;lg:43&#8243;][tm_heading tag=&#8221;div&#8221; custom_google_font=&#8221;1&#8243; google_fonts=&#8221;font_family:Roboto%3A100%2C100italic%2C300%2C300italic%2Cregular%2Citalic%2C500%2C500italic%2C700%2C700italic%2C900%2C900italic|font_style:900%20bold%20regular%3A900%3Anormal&#8221; text_color=&#8221;custom&#8221; custom_text_color=&#8221;#b3b3b3&#8243; text=&#8221;Firmam\u0131z, pe\u00e7ete ve k\u00e2\u011f\u0131t \u00fcr\u00fcnleri sekt\u00f6r\u00fcnde kalite, hijyen ve s\u00fcrd\u00fcr\u00fclebilirlik esaslar\u0131na ba\u011fl\u0131 kalarak faaliyet g\u00f6stermektedir. M\u00fc\u015fterilerimize g\u00fcvenilir, standartlara uygun ve y\u00fcksek performans sunan k\u00e2\u011f\u0131t \u00fcr\u00fcnleri sa\u011flamak amac\u0131yla \u00e7\u0131kt\u0131\u011f\u0131m\u0131z bu yolda, sekt\u00f6rel geli\u015fmeleri yak\u0131ndan takip eden dinamik bir yap\u0131ya sahibiz. Geni\u015f \u00fcr\u00fcn yelpazemiz ve profesyonel hizmet anlay\u0131\u015f\u0131m\u0131zla hem bireysel hem de kurumsal m\u00fc\u015fterilerin ihtiya\u00e7lar\u0131na etkin \u00e7\u00f6z\u00fcmler sunmay\u0131 hedefliyoruz. Tedarik s\u00fcre\u00e7lerinden teslimata kadar t\u00fcm operasyonlar\u0131m\u0131zda \u015feffafl\u0131k, kalite kontrol ve m\u00fc\u015fteri memnuniyeti temel prensiplerimizdir. Misyonumuz; yenilik\u00e7i yakla\u015f\u0131mlar ve g\u00fc\u00e7l\u00fc i\u015f ortakl\u0131klar\u0131 ile sekt\u00f6rde g\u00fcvenilir bir marka olmakt\u0131r. Vizyonumuz ise, s\u00fcrd\u00fcr\u00fclebilir \u00fcr\u00fcn ve \u00fcst\u00fcn hizmet kalitesiyle \u00fclkemizde ve uluslararas\u0131 pazarda tercih edilen lider bir kurulu\u015f haline gelmektir.&#8221; font_size=&#8221;lg:20&#8243; line_height=&#8221;1.6&#8243;][tm_spacer size=&#8221;lg:64&#8243;][\/vc_column][vc_column width=&#8221;1\/2&#8243; lg_spacing=&#8221;padding_left:70&#8243; md_spacing=&#8221;padding_left:15&#8243;][tm_image image=&#8221;5380&#8243; lg_spacing=&#8221;margin_right:-90&#8243;][\/vc_column][\/vc_row][vc_row full_width=&#8221;stretch_row&#8221;][vc_column][tm_spacer size=&#8221;lg:120&#8243;][tm_heading style=&#8221;modern-04&#8243; tag=&#8221;h2&#8243; custom_google_font=&#8221;&#8221; align=&#8221;center&#8221; text=&#8221;\u00dcr\u00fcnlerimiz&#8221;][tm_spacer size=&#8221;lg:25&#8243;][tm_heading tag=&#8221;div&#8221; custom_google_font=&#8221;1&#8243; google_fonts=&#8221;font_family:Roboto%3A100%2C100italic%2C300%2C300italic%2Cregular%2Citalic%2C500%2C500italic%2C700%2C700italic%2C900%2C900italic|font_style:900%20bold%20regular%3A900%3Anormal&#8221; align=&#8221;center&#8221; text_color=&#8221;custom&#8221; custom_text_color=&#8221;#222222&#8243; animation=&#8221;pop-up&#8221; text=&#8221;\u015e\u0131k, hijyenik ve g\u00fcvenilir k\u00e2\u011f\u0131t \u00fcr\u00fcnleri.&#8221; font_size=&#8221;sm:36;md:42;lg:48&#8243; line_height=&#8221;1.32&#8243;][tm_spacer size=&#8221;lg:77&#8243;][vc_row_inner][vc_column_inner width=&#8221;1\/4&#8243;][tm_box_icon align=&#8221;center&#8221; image=&#8221;5710&#8243; heading=&#8221;Pe\u00e7ete Grubu&#8221; box_link=&#8221;url:https%3A%2F%2Ffourbambalaj.com%2Findex.php%2Fpecete-grubu%2F|title:Pe%C3%A7ete%20Grubu&#8221;][\/vc_column_inner][vc_column_inner width=&#8221;1\/4&#8243;][tm_box_icon align=&#8221;center&#8221; image=&#8221;5656&#8243; heading=&#8221;Havlu Grubu&#8221; box_link=&#8221;url:https%3A%2F%2Ffourbambalaj.com%2Findex.php%2Fhavlu-grubu%2F|title:Havlu%20Grubu&#8221;][\/vc_column_inner][vc_column_inner width=&#8221;1\/4&#8243;][tm_box_icon align=&#8221;center&#8221; image=&#8221;5708&#8243; heading=&#8221;Karton Grubu&#8221;][\/vc_column_inner][vc_column_inner width=&#8221;1\/4&#8243;][tm_box_icon align=&#8221;center&#8221; image=&#8221;5684&#8243; heading=&#8221;Ekonomik \u00dcr\u00fcnler&#8221; link=&#8221;url:https%3A%2F%2Ffourbambalaj.com%2Findex.php%2Fekonomik-urunler%2F|title:Ekonomik%20%C3%9Cr%C3%BCnler&#8221; box_link=&#8221;url:https%3A%2F%2Ffourbambalaj.com%2Findex.php%2Fekonomik-urunler%2F|title:Ekonomik%20%C3%9Cr%C3%BCnler&#8221;][\/vc_column_inner][\/vc_row_inner][\/vc_column][\/vc_row][vc_row full_width=&#8221;stretch_row_content&#8221; lg_spacing=&#8221;padding_right:100;padding_left:100&#8243;][vc_column background_color=&#8221;custom&#8221; custom_background_color=&#8221;#f7f7f7&#8243;][tm_spacer size=&#8221;lg:112&#8243;][tm_heading style=&#8221;modern-04&#8243; custom_google_font=&#8221;&#8221; align=&#8221;center&#8221; el_class=&#8221;secondary-font&#8221; text=&#8221;Neden Bizi Tercih Ediyorlar?&#8221;][tm_spacer size=&#8221;lg:25&#8243;][tm_heading tag=&#8221;div&#8221; custom_google_font=&#8221;1&#8243; google_fonts=&#8221;font_family:Roboto%3A100%2C100italic%2C300%2C300italic%2Cregular%2Citalic%2C500%2C500italic%2C700%2C700italic%2C900%2C900italic|font_style:900%20bold%20regular%3A900%3Anormal&#8221; align=&#8221;center&#8221; text_color=&#8221;custom&#8221; custom_text_color=&#8221;#222222&#8243; text=&#8221;M\u00fc\u015fterilerimizin G\u00fcvendi\u011fi \u00c7\u00f6z\u00fcm Orta\u011f\u0131y\u0131z&#8221; font_size=&#8221;sm:36;md:42;lg:48&#8243; line_height=&#8221;1.32&#8243;][tm_spacer size=&#8221;lg:82&#8243;][tm_grid align=&#8221;center&#8221; centered_items=&#8221;1&#8243; columns=&#8221;xs:1;sm:1;lg:3&#8243; column_gutter=&#8221;lg:30&#8243; row_gutter=&#8221;lg:50&#8243; item_max_width=&#8221;sm:370&#8243; max_width=&#8221;lg:1170&#8243; custom_css=&#8221;LnRleHQlN0IlMEElMjAlMjBmb250LWZhbWlseSUzQSUyMHJvYm90byUyMCUyMWltcG9ydGFudCUzQiUwQSU3RCUzQiUwQS5oZWFkZXIlMjAlN0IlMEElMjAlMjBmb250LWZhbWlseSUzQSUyMHJvYm90byUyMCUyMWltcG9ydGFudCUzQiUwQSU3RCUwQQ==&#8221;][tm_box_icon style=&#8221;03&#8243; align=&#8221;center&#8221; icon_type=&#8221;ion&#8221; icon_ion=&#8221;ion-ios-eye-outline&#8221; heading=&#8221;Geni\u015f \u00dcr\u00fcn Yelpazesi&#8221; text=&#8221;Her ihtiyaca uygun k\u00e2\u011f\u0131t ve pe\u00e7ete \u00e7e\u015fitleri Restoran, kafe, otel ve i\u015fletmeler i\u00e7in farkl\u0131 \u00f6l\u00e7\u00fc, kalite ve \u00f6zelliklerde k\u00e2\u011f\u0131t \u00fcr\u00fcnleri sunuyoruz. Tedarik\u00e7i olarak geni\u015f stok avantaj\u0131m\u0131z ile arad\u0131\u011f\u0131n\u0131z \u00fcr\u00fcn\u00fc h\u0131zl\u0131ca temin ediyoruz.&#8221; button=&#8221;|||&#8221; box_link=&#8221;url:%23|title:View%20more||&#8221; text_width=&#8221;300px&#8221;][tm_box_icon style=&#8221;03&#8243; align=&#8221;center&#8221; icon_type=&#8221;ion&#8221; icon_ion=&#8221;ion-ios-bookmarks-outline&#8221; heading=&#8221;Uygun Fiyat ve H\u0131zl\u0131 Tedarik&#8221; text=&#8221;Rekabet\u00e7i fiyatlar &amp; g\u00fcvenilir lojistik \u0130thalat\u00e7\u0131 ve toptanc\u0131 yap\u0131m\u0131z sayesinde uygun fiyatl\u0131 \u00e7\u00f6z\u00fcmler sunuyor, sipari\u015flerinizi h\u0131zl\u0131 bir \u015fekilde haz\u0131rlay\u0131p g\u00f6nderiyoruz. M\u00fc\u015fterilerimiz i\u00e7in maliyet avantaj\u0131 yaratmak en \u00f6nemli \u00f6nceli\u011fimizdir.&#8221; button=&#8221;|||&#8221; box_link=&#8221;url:%23|title:View%20more||&#8221; text_width=&#8221;300px&#8221;][tm_box_icon style=&#8221;03&#8243; align=&#8221;center&#8221; icon_type=&#8221;ion&#8221; icon_ion=&#8221;ion-ios-browsers-outline&#8221; heading=&#8221;Kaliteli \u00dcr\u00fcn Garantisi&#8221; text=&#8221;Se\u00e7ilen markalarda kalite kontrol ve g\u00fcvenilirlik \u00c7al\u0131\u015ft\u0131\u011f\u0131m\u0131z markalar\u0131 \u00f6zenle se\u00e7iyor, k\u00e2\u011f\u0131t \u00fcr\u00fcnlerinin kalite standartlar\u0131na uygun olmas\u0131na dikkat ediyoruz. Hijyenik, dayan\u0131kl\u0131 ve m\u00fc\u015fteri memnuniyeti odakl\u0131 \u00fcr\u00fcnler sunarak i\u015fletmenizin ihtiya\u00e7lar\u0131n\u0131 eksiksiz kar\u015f\u0131l\u0131yoruz.&#8221; button=&#8221;|||&#8221; box_link=&#8221;url:%23|title:View%20more||&#8221; text_width=&#8221;300px&#8221;][\/tm_grid][tm_spacer size=&#8221;sm:110;lg:158&#8243;][\/vc_column][\/vc_row][vc_row][vc_column][\/vc_column][\/vc_row]<\/p>\n","protected":false},"author":1,"featured_media":0,"parent":1335,"menu_order":0,"comment_status":"closed","ping_status":"closed","template":"","meta":{"footnotes":""},"class_list":["post-3957","page","type-page","status-publish","hentry","post-no-thumbnail"],"_links":{"self":[{"href":"https:\/\/fourbambalaj.com\/index.php\/wp-json\/wp\/v2\/pages\/3957","targetHints":{"allow":["GET"]}}],"collection":[{"href":"https:\/\/fourbambalaj.com\/index.php\/wp-json\/wp\/v2\/pages"}],"about":[{"href":"https:\/\/fourbambalaj.com\/index.php\/wp-json\/wp\/v2\/types\/page"}],"author":[{"embeddable":true,"href":"https:\/\/fourbambalaj.com\/index.php\/wp-json\/wp\/v2\/users\/1"}],"replies":[{"embeddable":true,"href":"https:\/\/fourbambalaj.com\/index.php\/wp-json\/wp\/v2\/comments?post=3957"}],"version-history":[{"count":41,"href":"https:\/\/fourbambalaj.com\/index.php\/wp-json\/wp\/v2\/pages\/3957\/revisions"}],"predecessor-version":[{"id":5736,"href":"https:\/\/fourbambalaj.com\/index.php\/wp-json\/wp\/v2\/pages\/3957\/revisions\/5736"}],"up":[{"embeddable":true,"href":"https:\/\/fourbambalaj.com\/index.php\/wp-json\/wp\/v2\/pages\/1335"}],"wp:attachment":[{"href":"https:\/\/fourbambalaj.com\/index.php\/wp-json\/wp\/v2\/media?parent=3957"}],"curies":[{"name":"wp","href":"https:\/\/api.w.org\/{rel}","templated":true}]}}